{"id":2519,"date":"2021-01-29T10:09:12","date_gmt":"2021-01-29T09:09:12","guid":{"rendered":"https:\/\/www.soyagroup.com\/soya-group\/job-opportunities\/soya-group-support-ab\/"},"modified":"2025-07-10T11:56:15","modified_gmt":"2025-07-10T09:56:15","slug":"soya-group-ab","status":"publish","type":"page","link":"https:\/\/www.soyagroup.com\/en\/career\/job-opportunities\/soya-group-ab\/","title":{"rendered":"Soya Group AB"},"content":{"rendered":"","protected":false},"excerpt":{"rendered":"","protected":false},"author":4,"featured_media":0,"parent":1935,"menu_order":0,"comment_status":"closed","ping_status":"closed","template":"","meta":{"_acf_changed":false,"footnotes":""},"class_list":["post-2519","page","type-page","status-publish","hentry"],"acf":[],"yoast_head":"<!-- This site is optimized with the Yoast SEO plugin v27.5 - https:\/\/yoast.com\/product\/yoast-seo-wordpress\/ -->\n<title>Soya Group AB - Soya group<\/title>\n<meta name=\"description\" content=\"Koncernens f\u00f6retag delar p\u00e5 de koncerngemensamma st\u00f6dfunktionerna i Soya Group. Soya Group best\u00e5r av avdelningarna: Group Communications, Group IS\/IT, Group Human Resources inkl. Facility Services, Group Financial &amp; Business Control, Group Treasury och Group Security. Ett 70-tal personer arbetar i Soya Group.\" \/>\n<meta name=\"robots\" content=\"index, follow, max-snippet:-1, max-image-preview:large, max-video-preview:-1\" \/>\n<link rel=\"canonical\" href=\"https:\/\/www.soyagroup.com\/en\/career\/job-opportunities\/soya-group-ab\/\" \/>\n<meta property=\"og:locale\" content=\"en_US\" \/>\n<meta property=\"og:type\" content=\"article\" \/>\n<meta property=\"og:title\" content=\"Soya Group AB - Soya group\" \/>\n<meta property=\"og:description\" content=\"Koncernens f\u00f6retag delar p\u00e5 de koncerngemensamma st\u00f6dfunktionerna i Soya Group. Soya Group best\u00e5r av avdelningarna: Group Communications, Group IS\/IT, Group Human Resources inkl. Facility Services, Group Financial &amp; Business Control, Group Treasury och Group Security. Ett 70-tal personer arbetar i Soya Group.\" \/>\n<meta property=\"og:url\" content=\"https:\/\/www.soyagroup.com\/en\/career\/job-opportunities\/soya-group-ab\/\" \/>\n<meta property=\"og:site_name\" content=\"Soya group\" \/>\n<meta property=\"article:modified_time\" content=\"2025-07-10T09:56:15+00:00\" \/>\n<meta name=\"twitter:card\" content=\"summary_large_image\" \/>\n<meta name=\"twitter:label1\" content=\"Est. reading time\" \/>\n\t<meta name=\"twitter:data1\" content=\"1 minute\" \/>\n<script type=\"application\/ld+json\" class=\"yoast-schema-graph\">{\"@context\":\"https:\\\/\\\/schema.org\",\"@graph\":[{\"@type\":\"WebPage\",\"@id\":\"https:\\\/\\\/www.soyagroup.com\\\/en\\\/career\\\/job-opportunities\\\/soya-group-ab\\\/\",\"url\":\"https:\\\/\\\/www.soyagroup.com\\\/en\\\/career\\\/job-opportunities\\\/soya-group-ab\\\/\",\"name\":\"Soya Group AB - Soya group\",\"isPartOf\":{\"@id\":\"https:\\\/\\\/www.soyagroup.com\\\/en\\\/#website\"},\"datePublished\":\"2021-01-29T09:09:12+00:00\",\"dateModified\":\"2025-07-10T09:56:15+00:00\",\"description\":\"Koncernens f\u00f6retag delar p\u00e5 de koncerngemensamma st\u00f6dfunktionerna i Soya Group. Soya Group best\u00e5r av avdelningarna: Group Communications, Group IS\\\/IT, Group Human Resources inkl. Facility Services, Group Financial & Business Control, Group Treasury och Group Security. Ett 70-tal personer arbetar i Soya Group.\",\"breadcrumb\":{\"@id\":\"https:\\\/\\\/www.soyagroup.com\\\/en\\\/career\\\/job-opportunities\\\/soya-group-ab\\\/#breadcrumb\"},\"inLanguage\":\"en-US\",\"potentialAction\":[{\"@type\":\"ReadAction\",\"target\":[\"https:\\\/\\\/www.soyagroup.com\\\/en\\\/career\\\/job-opportunities\\\/soya-group-ab\\\/\"]}]},{\"@type\":\"BreadcrumbList\",\"@id\":\"https:\\\/\\\/www.soyagroup.com\\\/en\\\/career\\\/job-opportunities\\\/soya-group-ab\\\/#breadcrumb\",\"itemListElement\":[{\"@type\":\"ListItem\",\"position\":1,\"name\":\"Home\",\"item\":\"https:\\\/\\\/www.soyagroup.com\\\/en\\\/\"},{\"@type\":\"ListItem\",\"position\":2,\"name\":\"Career\",\"item\":\"https:\\\/\\\/www.soyagroup.com\\\/en\\\/career\\\/\"},{\"@type\":\"ListItem\",\"position\":3,\"name\":\"Job Opportunities\",\"item\":\"https:\\\/\\\/www.soyagroup.com\\\/en\\\/career\\\/job-opportunities\\\/\"},{\"@type\":\"ListItem\",\"position\":4,\"name\":\"Soya Group AB\"}]},{\"@type\":\"WebSite\",\"@id\":\"https:\\\/\\\/www.soyagroup.com\\\/en\\\/#website\",\"url\":\"https:\\\/\\\/www.soyagroup.com\\\/en\\\/\",\"name\":\"Soya Group\",\"description\":\"\",\"potentialAction\":[{\"@type\":\"SearchAction\",\"target\":{\"@type\":\"EntryPoint\",\"urlTemplate\":\"https:\\\/\\\/www.soyagroup.com\\\/en\\\/?s={search_term_string}\"},\"query-input\":{\"@type\":\"PropertyValueSpecification\",\"valueRequired\":true,\"valueName\":\"search_term_string\"}}],\"inLanguage\":\"en-US\"}]}<\/script>\n<!-- \/ Yoast SEO plugin. -->","yoast_head_json":{"title":"Soya Group AB - Soya group","description":"Koncernens f\u00f6retag delar p\u00e5 de koncerngemensamma st\u00f6dfunktionerna i Soya Group. Soya Group best\u00e5r av avdelningarna: Group Communications, Group IS\/IT, Group Human Resources inkl. Facility Services, Group Financial & Business Control, Group Treasury och Group Security. Ett 70-tal personer arbetar i Soya Group.","robots":{"index":"index","follow":"follow","max-snippet":"max-snippet:-1","max-image-preview":"max-image-preview:large","max-video-preview":"max-video-preview:-1"},"canonical":"https:\/\/www.soyagroup.com\/en\/career\/job-opportunities\/soya-group-ab\/","og_locale":"en_US","og_type":"article","og_title":"Soya Group AB - Soya group","og_description":"Koncernens f\u00f6retag delar p\u00e5 de koncerngemensamma st\u00f6dfunktionerna i Soya Group. Soya Group best\u00e5r av avdelningarna: Group Communications, Group IS\/IT, Group Human Resources inkl. Facility Services, Group Financial & Business Control, Group Treasury och Group Security. Ett 70-tal personer arbetar i Soya Group.","og_url":"https:\/\/www.soyagroup.com\/en\/career\/job-opportunities\/soya-group-ab\/","og_site_name":"Soya group","article_modified_time":"2025-07-10T09:56:15+00:00","twitter_card":"summary_large_image","twitter_misc":{"Est. reading time":"1 minute"},"schema":{"@context":"https:\/\/schema.org","@graph":[{"@type":"WebPage","@id":"https:\/\/www.soyagroup.com\/en\/career\/job-opportunities\/soya-group-ab\/","url":"https:\/\/www.soyagroup.com\/en\/career\/job-opportunities\/soya-group-ab\/","name":"Soya Group AB - Soya group","isPartOf":{"@id":"https:\/\/www.soyagroup.com\/en\/#website"},"datePublished":"2021-01-29T09:09:12+00:00","dateModified":"2025-07-10T09:56:15+00:00","description":"Koncernens f\u00f6retag delar p\u00e5 de koncerngemensamma st\u00f6dfunktionerna i Soya Group. Soya Group best\u00e5r av avdelningarna: Group Communications, Group IS\/IT, Group Human Resources inkl. Facility Services, Group Financial & Business Control, Group Treasury och Group Security. Ett 70-tal personer arbetar i Soya Group.","breadcrumb":{"@id":"https:\/\/www.soyagroup.com\/en\/career\/job-opportunities\/soya-group-ab\/#breadcrumb"},"inLanguage":"en-US","potentialAction":[{"@type":"ReadAction","target":["https:\/\/www.soyagroup.com\/en\/career\/job-opportunities\/soya-group-ab\/"]}]},{"@type":"BreadcrumbList","@id":"https:\/\/www.soyagroup.com\/en\/career\/job-opportunities\/soya-group-ab\/#breadcrumb","itemListElement":[{"@type":"ListItem","position":1,"name":"Home","item":"https:\/\/www.soyagroup.com\/en\/"},{"@type":"ListItem","position":2,"name":"Career","item":"https:\/\/www.soyagroup.com\/en\/career\/"},{"@type":"ListItem","position":3,"name":"Job Opportunities","item":"https:\/\/www.soyagroup.com\/en\/career\/job-opportunities\/"},{"@type":"ListItem","position":4,"name":"Soya Group AB"}]},{"@type":"WebSite","@id":"https:\/\/www.soyagroup.com\/en\/#website","url":"https:\/\/www.soyagroup.com\/en\/","name":"Soya Group","description":"","potentialAction":[{"@type":"SearchAction","target":{"@type":"EntryPoint","urlTemplate":"https:\/\/www.soyagroup.com\/en\/?s={search_term_string}"},"query-input":{"@type":"PropertyValueSpecification","valueRequired":true,"valueName":"search_term_string"}}],"inLanguage":"en-US"}]}},"_links":{"self":[{"href":"https:\/\/www.soyagroup.com\/en\/wp-json\/wp\/v2\/pages\/2519","targetHints":{"allow":["GET"]}}],"collection":[{"href":"https:\/\/www.soyagroup.com\/en\/wp-json\/wp\/v2\/pages"}],"about":[{"href":"https:\/\/www.soyagroup.com\/en\/wp-json\/wp\/v2\/types\/page"}],"author":[{"embeddable":true,"href":"https:\/\/www.soyagroup.com\/en\/wp-json\/wp\/v2\/users\/4"}],"replies":[{"embeddable":true,"href":"https:\/\/www.soyagroup.com\/en\/wp-json\/wp\/v2\/comments?post=2519"}],"version-history":[{"count":4,"href":"https:\/\/www.soyagroup.com\/en\/wp-json\/wp\/v2\/pages\/2519\/revisions"}],"predecessor-version":[{"id":4125,"href":"https:\/\/www.soyagroup.com\/en\/wp-json\/wp\/v2\/pages\/2519\/revisions\/4125"}],"up":[{"embeddable":true,"href":"https:\/\/www.soyagroup.com\/en\/wp-json\/wp\/v2\/pages\/1935"}],"wp:attachment":[{"href":"https:\/\/www.soyagroup.com\/en\/wp-json\/wp\/v2\/media?parent=2519"}],"curies":[{"name":"wp","href":"https:\/\/api.w.org\/{rel}","templated":true}]}}